{"id":629,"date":"2026-02-01T17:24:41","date_gmt":"2026-02-01T17:24:41","guid":{"rendered":"https:\/\/noticiasilimitadas.pt\/digital\/?page_id=629"},"modified":"2026-02-18T11:29:49","modified_gmt":"2026-02-18T11:29:49","slug":"publicidade","status":"publish","type":"page","link":"https:\/\/noticiasilimitadas.pt\/digital\/publicidade\/","title":{"rendered":"Tabelas Publicidade \/ Media Kits"},"content":{"rendered":"\n<h3 class=\"wp-block-heading\"><strong>Nesta p\u00e1gina encontra as atuais tabelas de pre\u00e7os e Media Kit 2026 em vigor do Grupo Not\u00edcias Ilimitadas (JN, O Jogo, TSF, Delas, Evas\u00f5es, Not\u00edcias Magazine, N-TV e Volta ao Mundo) em Digital, Imprensa e R\u00e1dio.<\/strong><\/h3>\n\n\n<div class=\"wp-block-image\">\n<figure class=\"alignleft size-full is-resized\"><a href=\"https:\/\/www.jn.pt\/\" target=\"_blank\" rel=\" noreferrer noopener\"><img loading=\"lazy\" decoding=\"async\" width=\"61\" height=\"50\" src=\"https:\/\/noticiasilimitadas.pt\/digital\/wp-content\/uploads\/2026\/02\/JN_LOGO.png\" alt=\"LOGO JN\" class=\"wp-image-1030\" style=\"width:59px;height:auto\"\/><\/a><\/figure><\/div>\n\n\n<h2 class=\"wp-block-heading wp-image-1023\">&#8211; <a href=\"https:\/\/noticiasilimitadas.pt\/digital\/wp-content\/uploads\/2026\/02\/TABELA_PUBLICIDADE_JORNAL_DE_NOTICIAS.pdf\" target=\"_blank\" rel=\"noreferrer noopener\">TABELA PUBLICIDADE DE IMPRENSA E DIGITAL<\/a> <br>&#8211; <a title=\"Download Media Kit JN\" href=\"https:\/\/noticiasilimitadas.pt\/digital\/wp-content\/uploads\/2026\/02\/MEDIAKIT_JORNAL_DE_NOTICIAS.pdf\" target=\"_blank\" rel=\"noreferrer noopener\">MEDIA KIT<\/a><\/h2>\n\n\n<div class=\"wp-block-image\">\n<figure class=\"alignleft size-full is-resized\"><a href=\"https:\/\/www.ojogo.pt\/\" target=\"_blank\" rel=\" noreferrer noopener\"><img loading=\"lazy\" decoding=\"async\" width=\"90\" height=\"50\" src=\"https:\/\/noticiasilimitadas.pt\/digital\/wp-content\/uploads\/2026\/02\/OJOGO_LOGO.png\" alt=\"O Jogo LOGO\" class=\"wp-image-1031\" style=\"width:79px;height:auto\"\/><\/a><\/figure><\/div>\n\n\n<h2 class=\"wp-block-heading\">&#8211; <a href=\"https:\/\/noticiasilimitadas.pt\/digital\/wp-content\/uploads\/2026\/02\/TABELA_PUBLICIDADE_IMPRENSA_DIGITAL_O_JOGO_2026.pdf\" target=\"_blank\" title=\"Download Tabela Publicidade O Jogo\" rel=\"noreferrer noopener\">TABELA PUBLICIDADE DE IMPRENSA E DIGITAL<\/a><br>&#8211; <a href=\"https:\/\/noticiasilimitadas.pt\/digital\/wp-content\/uploads\/2026\/02\/MEDIAKIT_OJOGO.pdf\" title=\"Download Media Kit O Jogo\" target=\"_blank\" rel=\"noreferrer noopener\">MEDIA KIT<\/a><\/h2>\n\n\n<div class=\"wp-block-image\">\n<figure class=\"alignleft size-full\"><a href=\"https:\/\/www.tsf.pt\/\" target=\"_blank\" rel=\" noreferrer noopener\"><img loading=\"lazy\" decoding=\"async\" width=\"64\" height=\"50\" src=\"https:\/\/noticiasilimitadas.pt\/digital\/wp-content\/uploads\/2026\/02\/TSF_LOGO.png\" alt=\"TSF LOGO\" class=\"wp-image-1029\"\/><\/a><\/figure><\/div>\n\n\n<h2 class=\"wp-block-heading\">&#8211; <a href=\"https:\/\/noticiasilimitadas.pt\/digital\/wp-content\/uploads\/2026\/02\/TABELA_PUBLICIDADE_ANTENA_DIGITAL_TSF_2026.pdf\" title=\"Download Tabela Publicidade TSF\" target=\"_blank\" rel=\"noreferrer noopener\">TABELA PUBLICIDADE DE ANTENA E DIGITAL<\/a><br>&#8211; <a href=\"https:\/\/noticiasilimitadas.pt\/digital\/wp-content\/uploads\/2026\/02\/MEDIAKIT_TSF.pdf\" title=\"Download Media Kit TSF\" target=\"_blank\" rel=\"noreferrer noopener\">MEDIA KIT<\/a><\/h2>\n\n\n<div class=\"wp-block-image\">\n<figure class=\"alignleft size-full\"><a href=\"https:\/\/www.jn.pt\/delas\" target=\"_blank\" rel=\" noreferrer noopener\"><img loading=\"lazy\" decoding=\"async\" width=\"72\" height=\"50\" src=\"https:\/\/noticiasilimitadas.pt\/digital\/wp-content\/uploads\/2026\/02\/delas-logo.jpg\" alt=\"Delas LOGO\" class=\"wp-image-1032\"\/><\/a><\/figure><\/div>\n\n\n<h2 class=\"wp-block-heading\">&#8211; <a href=\"https:\/\/noticiasilimitadas.pt\/digital\/wp-content\/uploads\/2026\/02\/TABELA_PUBLICIDADE_DIGITAL_DELAS_2026.pdf\" title=\"Download Tabela Publicidade Delas\" target=\"_blank\" rel=\"noreferrer noopener\">TABELA PUBLICIDADE  DIGITAL<\/a><br>&#8211; <a href=\"https:\/\/noticiasilimitadas.pt\/digital\/wp-content\/uploads\/2026\/02\/MEDIAKIT_DELAS.pdf\" title=\"Download Media Kit Delas\" target=\"_blank\" rel=\"noreferrer noopener\">MEDIA KIT<\/a><\/h2>\n\n\n<div class=\"wp-block-image\">\n<figure class=\"alignleft size-full\"><a href=\"https:\/\/www.jn.pt\/evasoes\" target=\"_blank\" rel=\" noreferrer noopener\"><img loading=\"lazy\" decoding=\"async\" width=\"92\" height=\"50\" src=\"https:\/\/noticiasilimitadas.pt\/digital\/wp-content\/uploads\/2026\/02\/evasoes-logo.jpg\" alt=\"Evas\u00f5es LOGO\" class=\"wp-image-1033\"\/><\/a><\/figure><\/div>\n\n\n<h2 class=\"wp-block-heading\">&#8211; <a href=\"https:\/\/noticiasilimitadas.pt\/digital\/wp-content\/uploads\/2026\/02\/TABELA_PUBLICIDADE_IMPRENSA_DIGITAL_EVASOES_2026.pdf\" title=\"Download Tabela Publicidade Evas\u00f5es\" target=\"_blank\" rel=\"noreferrer noopener\">TABELA PUBLICIDADE DE IMPRENSA E DIGITAL<\/a><br>&#8211; <a href=\"https:\/\/noticiasilimitadas.pt\/digital\/wp-content\/uploads\/2026\/02\/MEDIAKIT_EVASOES.pdf\" title=\"Download Media Kit Evas\u00f5es\" target=\"_blank\" rel=\"noreferrer noopener\">MEDIA KIT<\/a><\/h2>\n\n\n<div class=\"wp-block-image\">\n<figure class=\"alignleft size-full\"><a href=\"https:\/\/www.jn.pt\/noticias-magazine\" target=\"_blank\" rel=\" noreferrer noopener\"><img loading=\"lazy\" decoding=\"async\" width=\"182\" height=\"50\" src=\"https:\/\/noticiasilimitadas.pt\/digital\/wp-content\/uploads\/2026\/02\/noticias-magazine-logo.jpg\" alt=\"Not\u00edcias Magazine Logo\" class=\"wp-image-1034\"\/><\/a><\/figure><\/div>\n\n\n<h2 class=\"wp-block-heading\">&#8211; <a href=\"https:\/\/noticiasilimitadas.pt\/digital\/wp-content\/uploads\/2026\/02\/TABELA_PUBLICIDADE_IMPRENSA_DIGITALNOTICIAS_MAGAZINE_2026.pdf\" title=\"Download Tabela Publicidade Not\u00edcias Magazine\" target=\"_blank\" rel=\"noreferrer noopener\">TABELA PUBLICIDADE DE IMPRENSA E DIGITAL<\/a><br>&#8211; <a href=\"https:\/\/noticiasilimitadas.pt\/digital\/wp-content\/uploads\/2026\/02\/MEDIAKIT_NOTICIAS_MAGAZINE.pdf\" title=\"Download Media Kit Not\u00edcias Magazine\" target=\"_blank\" rel=\"noreferrer noopener\">MEDIA KIT<\/a><\/h2>\n\n\n<div class=\"wp-block-image\">\n<figure class=\"alignleft size-full\"><a href=\"https:\/\/www.jn.pt\/ntv\" target=\"_blank\" rel=\" noreferrer noopener\"><img loading=\"lazy\" decoding=\"async\" width=\"76\" height=\"50\" src=\"https:\/\/noticiasilimitadas.pt\/digital\/wp-content\/uploads\/2026\/02\/NTV_LOGO.png\" alt=\"N TV LOGO\" class=\"wp-image-1035\"\/><\/a><\/figure><\/div>\n\n\n<h2 class=\"wp-block-heading\">&#8211; <a href=\"https:\/\/noticiasilimitadas.pt\/digital\/wp-content\/uploads\/2026\/02\/TABELA_PUBLICIDADE_DIGITAL_NTV_2026.pdf\" title=\"Download Tabela Publicidade Not\u00edcias TV\" target=\"_blank\" rel=\"noreferrer noopener\">TABELA PUBLICIDADE DIGITAL<\/a><br>&#8211; <a href=\"https:\/\/noticiasilimitadas.pt\/digital\/wp-content\/uploads\/2026\/02\/MEDIAKIT_NTV.pdf\" title=\"Download Media Kit Not\u00edcias TV\" target=\"_blank\" rel=\"noreferrer noopener\">MEDIA KIT<\/a><\/h2>\n\n\n<div class=\"wp-block-image\">\n<figure class=\"alignleft size-full\"><a href=\"https:\/\/www.jn.pt\/volta-ao-mundo\" target=\"_blank\" rel=\" noreferrer noopener\"><img loading=\"lazy\" decoding=\"async\" width=\"95\" height=\"50\" src=\"https:\/\/noticiasilimitadas.pt\/digital\/wp-content\/uploads\/2026\/02\/volta-ao-mundo_LOGO.jpg\" alt=\"Volta ao Mundo Logo\" class=\"wp-image-1036\"\/><\/a><\/figure><\/div>\n\n\n<h2 class=\"wp-block-heading\">&#8211; <a href=\"https:\/\/noticiasilimitadas.pt\/digital\/wp-content\/uploads\/2026\/02\/TABELA_PUBLICIDADE_IMPRENSA_DIGITAL_VOLTA_AO_MUNDO_2026.pdf\" title=\"Download Tabela Publicidade Volta ao Mundo\" target=\"_blank\" rel=\"noreferrer noopener\">TABELA PUBLICIDADE DE IMPRENSA E DIGITAL<\/a><br>&#8211; <a href=\"https:\/\/noticiasilimitadas.pt\/digital\/wp-content\/uploads\/2026\/02\/MEDIAKIT_VOLTA_AO_MUNDO.pdf\" target=\"_blank\" title=\"Download Media Kit Volta ao Mundo\" rel=\"noreferrer noopener\">MEDIA KIT<\/a><\/h2>\n\n\n\n<p>O Grupo Not\u00edcias Ilimitadas oferece um conjunto alargado de produtos comerciais inovadores, concebidos para uma comunica\u00e7\u00e3o personalizada e eficaz da sua marca, produtos ou servi\u00e7os.<br>Para conhecer as solu\u00e7\u00f5es dispon\u00edveis e as condi\u00e7\u00f5es mais ajustadas \u00e0s suas necessidades concretas, <a href=\"https:\/\/noticiasilimitadas.pt\/digital\/contacto\/\" target=\"_blank\" rel=\"noreferrer noopener\">entre em contacto connosco<\/a>.<\/p>\n","protected":false},"excerpt":{"rendered":"<p>Nesta p\u00e1gina encontra as atuais tabelas de pre\u00e7os e Media Kit 2026 em vigor do Grupo Not\u00edcias Ilimitadas (JN, O Jogo, TSF, Delas, Evas\u00f5es, Not\u00edcias Magazine, N-TV e Volta ao Mundo) em Digital, Imprensa e R\u00e1dio. &#8211; TABELA PUBLICIDADE DE IMPRENSA E DIGITAL &#8211; MEDIA KIT &#8211; TABELA PUBLICIDADE DE IMPRENSA E DIGITAL&#8211; MEDIA KIT &hellip; <\/p>\n<p class=\"link-more\"><a href=\"https:\/\/noticiasilimitadas.pt\/digital\/publicidade\/\" class=\"more-link\">Read More<span class=\"screen-reader-text\"> &#8220;Tabelas Publicidade \/ Media Kits&#8221;<\/span><\/a><\/p>\n","protected":false},"author":1,"featured_media":0,"parent":0,"menu_order":0,"comment_status":"closed","ping_status":"closed","template":"","meta":{"om_disable_all_campaigns":false,"_monsterinsights_skip_tracking":false,"_monsterinsights_sitenote_active":false,"_monsterinsights_sitenote_note":"","_monsterinsights_sitenote_category":0,"footnotes":""},"class_list":["post-629","page","type-page","status-publish","hentry"],"_links":{"self":[{"href":"https:\/\/noticiasilimitadas.pt\/digital\/wp-json\/wp\/v2\/pages\/629","targetHints":{"allow":["GET"]}}],"collection":[{"href":"https:\/\/noticiasilimitadas.pt\/digital\/wp-json\/wp\/v2\/pages"}],"about":[{"href":"https:\/\/noticiasilimitadas.pt\/digital\/wp-json\/wp\/v2\/types\/page"}],"author":[{"embeddable":true,"href":"https:\/\/noticiasilimitadas.pt\/digital\/wp-json\/wp\/v2\/users\/1"}],"replies":[{"embeddable":true,"href":"https:\/\/noticiasilimitadas.pt\/digital\/wp-json\/wp\/v2\/comments?post=629"}],"version-history":[{"count":15,"href":"https:\/\/noticiasilimitadas.pt\/digital\/wp-json\/wp\/v2\/pages\/629\/revisions"}],"predecessor-version":[{"id":1109,"href":"https:\/\/noticiasilimitadas.pt\/digital\/wp-json\/wp\/v2\/pages\/629\/revisions\/1109"}],"wp:attachment":[{"href":"https:\/\/noticiasilimitadas.pt\/digital\/wp-json\/wp\/v2\/media?parent=629"}],"curies":[{"name":"wp","href":"https:\/\/api.w.org\/{rel}","templated":true}]}}