{"id":169,"date":"2025-04-30T14:39:10","date_gmt":"2025-04-30T14:39:10","guid":{"rendered":"http:\/\/51.44.96.114\/digital\/?page_id=169"},"modified":"2026-03-23T13:38:16","modified_gmt":"2026-03-23T13:38:16","slug":"projetos","status":"publish","type":"page","link":"https:\/\/noticiasilimitadas.pt\/digital\/projetos\/","title":{"rendered":"Brand\u00b4s Life"},"content":{"rendered":"\n<h1 class=\"wp-block-heading\"><mark style=\"background-color:rgba(0, 0, 0, 0)\" class=\"has-inline-color has-light-green-cyan-color\"><strong>Solu\u00e7\u00f5es Integradas de Comunica\u00e7\u00e3o<\/strong><\/mark><\/h1>\n\n\n\n<figure class=\"wp-block-image size-full\"><img loading=\"lazy\" decoding=\"async\" width=\"820\" height=\"312\" src=\"https:\/\/noticiasilimitadas.pt\/digital\/wp-content\/uploads\/2026\/01\/BRANDS_LIFE_.jpg\" alt=\"\" class=\"wp-image-856\" srcset=\"https:\/\/noticiasilimitadas.pt\/digital\/wp-content\/uploads\/2026\/01\/BRANDS_LIFE_.jpg 820w, https:\/\/noticiasilimitadas.pt\/digital\/wp-content\/uploads\/2026\/01\/BRANDS_LIFE_-300x114.jpg 300w, https:\/\/noticiasilimitadas.pt\/digital\/wp-content\/uploads\/2026\/01\/BRANDS_LIFE_-768x292.jpg 768w\" sizes=\"auto, (max-width: 820px) 100vw, 820px\" \/><\/figure>\n\n\n\n<h2 class=\"wp-block-heading\"><a href=\"https:\/\/www.jn.pt\/iniciativas\/artigo\/o-jn-esta-de-regresso-a-estrada-com-o-34-grande-premio-de-ciclismo-jn-leilosoc\/17859337\" target=\"_blank\" rel=\"noopener\" title=\"\">34\u00ba Grande Pr\u00e9mio de Ciclismo JN | Leilosoc<\/a><\/h2>\n\n\n\n<figure class=\"wp-block-image size-full is-resized\"><a href=\"https:\/\/www.jn.pt\/topico\/grande-premio-jn\" target=\"_blank\" rel=\"noreferrer noopener\"><img loading=\"lazy\" decoding=\"async\" width=\"300\" height=\"250\" src=\"https:\/\/noticiasilimitadas.pt\/digital\/wp-content\/uploads\/2025\/08\/gp-ciclismo-jn.gif\" alt=\"GP Ciclismo JN\" class=\"wp-image-592\" style=\"width:188px;height:auto\" title=\"uva de Ouro\"\/><\/a><\/figure>\n\n\n\n<p>De 30 de agosto a 7 de setembro 2025, junte-se \u00e0 paix\u00e3o do ciclismo e assista a mais uma emocionante corrida nas cidades da Maia, Valongo, Gondomar, Paredes, Porto, Ovar, Albergaria-a-Velha, \u00c1gueda, Barcelos, Viana do Castelo e Vila Nova de Famalic\u00e3o e viva todas as emo\u00e7\u00f5es desta prova.<\/p>\n\n\n\n<h2 class=\"wp-block-heading\"><a href=\"https:\/\/web.archive.org\/web\/20250322061437\/https:\/\/uvadeouro.jn.pt\/\" target=\"_blank\" rel=\"noreferrer noopener\">Uva de Ouro | Continente<\/a><\/h2>\n\n\n\n<figure class=\"wp-block-image size-full is-resized\"><a href=\"https:\/\/web.archive.org\/web\/20250322061437\/https:\/\/uvadeouro.jn.pt\/\" target=\"_blank\" rel=\"noreferrer noopener\"><img loading=\"lazy\" decoding=\"async\" width=\"280\" height=\"280\" src=\"https:\/\/noticiasilimitadas.pt\/digital\/wp-content\/uploads\/2025\/08\/uva_de_ouro-10-edicao.png\" alt=\"Uva de Ouro\" class=\"wp-image-563\" style=\"width:188px;height:auto\" title=\"uva de Ouro\" srcset=\"https:\/\/noticiasilimitadas.pt\/digital\/wp-content\/uploads\/2025\/08\/uva_de_ouro-10-edicao.png 280w, https:\/\/noticiasilimitadas.pt\/digital\/wp-content\/uploads\/2025\/08\/uva_de_ouro-10-edicao-150x150.png 150w\" sizes=\"auto, (max-width: 280px) 100vw, 280px\" \/><\/a><\/figure>\n\n\n\n<p>O concurso de vinhos Uva de Ouro, cuja primeira edi\u00e7\u00e3o foi realizada em 2013, distingue-se pelo seu objetivo claro de democratiza\u00e7\u00e3o do acesso a vinhos de qualidade, medalhados, por parte de um p\u00fablico mais vasto.<\/p>\n\n\n\n<h2 class=\"wp-block-heading\"><a href=\"https:\/\/www.portugalms.com\/\" target=\"_blank\" rel=\"noopener\" title=\"\">Portugal Mobi Summit \u2013 EDP<\/a> <\/h2>\n\n\n\n<figure class=\"wp-block-image size-full\"><a href=\"https:\/\/www.portugalms.com\/\" target=\"_blank\" rel=\" noreferrer noopener\"><img loading=\"lazy\" decoding=\"async\" width=\"256\" height=\"150\" src=\"https:\/\/noticiasilimitadas.pt\/digital\/wp-content\/uploads\/2025\/08\/PMS-logo.png\" alt=\"Portugal Mobi Summit\" class=\"wp-image-572\"\/><\/a><\/figure>\n\n\n\n<h3 class=\"wp-block-heading\"><a href=\"https:\/\/web.archive.org\/web\/20240222011402\/https:\/\/www.portugalms.com\/\" target=\"_blank\" rel=\"noreferrer noopener\"><\/a>Rumo a um mundo net zero \u2013 uma oportunidade em constru\u00e7\u00e3o<\/h3>\n\n\n\n<p>O Portugal Mobi Summit \u00e9 um palco privilegiado para o encontro de stakeholders de todo o ecossistema de mobilidade, num debate de ideias disruptivas e solu\u00e7\u00f5es inovadoras.<\/p>\n\n\n\n<h2 class=\"wp-block-heading\"><a href=\"https:\/\/www.jn.pt\/brands-life\/educar-tem-ciencia\" target=\"_blank\" rel=\"noreferrer noopener\">Educar tem ci\u00eancia<\/a><a title=\"\" href=\"https:\/\/www.jn.pt\/topico\/quando-o-alarme-toca\" target=\"_blank\" rel=\"noopener\"> (V\u00eddeo\/Podcast) | Iniciativa Educa\u00e7\u00e3o<\/a><\/h2>\n\n\n\n<figure class=\"wp-block-image size-full\"><a href=\"https:\/\/www.tsf.pt\/programa\/educar-tem-ciencia\" target=\"_blank\" rel=\" noreferrer noopener\"><img loading=\"lazy\" decoding=\"async\" width=\"300\" height=\"100\" src=\"https:\/\/noticiasilimitadas.pt\/digital\/wp-content\/uploads\/2026\/01\/educacao.jpg\" alt=\"Educar tem ci\u00eancia\" class=\"wp-image-1007\"\/><\/a><\/figure>\n\n\n\n<h3 class=\"wp-block-heading\">O podcast onde a ci\u00eancia fala com a educa\u00e7\u00e3o<\/h3>\n\n\n\n<p><\/p>\n\n\n\n<h2 class=\"wp-block-heading\"><a href=\"https:\/\/www.jn.pt\/topico\/quando-o-alarme-toca\" target=\"_blank\" rel=\"noopener\" title=\"\">Quando o Alarme Toca | Prossegur<\/a><\/h2>\n\n\n\n<figure class=\"wp-block-image size-full\"><a href=\"https:\/\/www.jn.pt\/topico\/quando-o-alarme-toca\" target=\"_blank\" rel=\" noreferrer noopener\"><img loading=\"lazy\" decoding=\"async\" width=\"217\" height=\"169\" src=\"https:\/\/noticiasilimitadas.pt\/digital\/wp-content\/uploads\/2025\/08\/quando-o-alarme-toca.jpg\" alt=\"Quando o Alarme Toca\" class=\"wp-image-565\"\/><\/a><\/figure>\n\n\n\n<h3 class=\"wp-block-heading\">O que fazer \u201cquando o alarme toca\u201d? N\u00f3s dizemos-lhe<\/h3>\n\n\n\n<p>A nova rubrica \u201cQuando o alarme toca\u201d vai focar-se em tudo aquilo que est\u00e1 ao nosso alcance para estar menos exposto a perigos.<\/p>\n\n\n\n<h2 class=\"wp-block-heading\"><a href=\"https:\/\/web.archive.org\/web\/20240424124133\/https:\/\/elasaovolante.pt\/\" target=\"_blank\" rel=\"noreferrer noopener\">Elas ao Volante \u2013 Mercedes<\/a><\/h2>\n\n\n\n<figure class=\"wp-block-image size-full\"><a href=\"https:\/\/web.archive.org\/web\/20240424124133\/https:\/\/elasaovolante.pt\/\" target=\"_blank\" rel=\" noreferrer noopener\"><img loading=\"lazy\" decoding=\"async\" width=\"246\" height=\"136\" src=\"https:\/\/noticiasilimitadas.pt\/digital\/wp-content\/uploads\/2025\/08\/elas-ao-volante.png\" alt=\"Elas ao Volante\" class=\"wp-image-562\" title=\"Elas ao Volante\"\/><\/a><\/figure>\n\n\n\n<p>Elas desafiam os limites e os padr\u00f5es. Mulheres e autom\u00f3veis. Uma combina\u00e7\u00e3o improv\u00e1vel mas perfeita!<\/p>\n\n\n\n<p><\/p>\n\n\n\n<h2 class=\"wp-block-heading\"><a href=\"https:\/\/web.archive.org\/web\/20250312184007\/https:\/\/moods.jn.pt\/\" target=\"_blank\" rel=\"noreferrer noopener\">MOODS<\/a><\/h2>\n\n\n\n<figure class=\"wp-block-image size-full is-resized\"><a href=\"https:\/\/web.archive.org\/web\/20250312184007\/https:\/\/moods.jn.pt\/\" target=\"_blank\" rel=\"noreferrer noopener\"><img loading=\"lazy\" decoding=\"async\" width=\"451\" height=\"145\" src=\"https:\/\/noticiasilimitadas.pt\/digital\/wp-content\/uploads\/2026\/03\/Moods.png\" alt=\"\" class=\"wp-image-1132\" style=\"width:241px;height:auto\" title=\"Moods\" srcset=\"https:\/\/noticiasilimitadas.pt\/digital\/wp-content\/uploads\/2026\/03\/Moods.png 451w, https:\/\/noticiasilimitadas.pt\/digital\/wp-content\/uploads\/2026\/03\/Moods-300x96.png 300w\" sizes=\"auto, (max-width: 451px) 100vw, 451px\" \/><\/a><\/figure>\n\n\n\n<h3 class=\"wp-block-heading\">Debater ideias, mobilizar energias e construir pol\u00edticas para garantir um futuro sustent\u00e1vel e inclusivo<\/h3>\n\n\n\n<p>Um projeto, Cinco momentos Proximidade, inova\u00e7\u00e3o e criatividade ao servi\u00e7o de um mundo melhor<\/p>\n\n\n\n<h2 class=\"wp-block-heading\"><a href=\"https:\/\/www.vodafonebusinessconference.pt\/\" target=\"_blank\" rel=\"noopener\" title=\"\">Vodafone Business Conference \u2013 Vodafone<\/a><\/h2>\n\n\n\n<figure class=\"wp-block-image size-full\"><a href=\"https:\/\/www.vodafonebusinessconference.pt\/\" target=\"_blank\" rel=\" noreferrer noopener\"><img loading=\"lazy\" decoding=\"async\" width=\"200\" height=\"142\" src=\"https:\/\/noticiasilimitadas.pt\/digital\/wp-content\/uploads\/2025\/08\/vodafone-business-conference-23.png\" alt=\"Vodafone Business Conference\" class=\"wp-image-567\" title=\"Vodafone Business Conference\"\/><\/a><\/figure>\n\n\n\n<h3 class=\"wp-block-heading\">Hyper-Connected World \u2013 As tecnologias que transformam e as pessoas que lideram<\/h3>\n\n\n\n<p>Num mundo onde todos estamos cada vez mais conectados em tempo real e com tecnologias que aproximam o f\u00edsico e o digital, que desafios e oportunidades v\u00e3o enfrentar as empresas nas pr\u00f3ximas d\u00e9cadas? Esta e outras quest\u00f5es v\u00e3o ser debatidas por especialistas nacionais e internacionais, na edi\u00e7\u00e3o Vodafone Business Conference de 2025.<br><\/p>\n\n\n\n<hr class=\"wp-block-separator has-alpha-channel-opacity\"\/>\n\n\n\n<h1 class=\"wp-block-heading\">Artigos Patrocinados \/ Natives<\/h1>\n\n\n\n<h2 class=\"wp-block-heading\"><a href=\"https:\/\/www.jn.pt\/brand-story\/artigo\/skechers-uno-e-court-classics-moda-e-conforto-na-sua-melhor-versao\/17757953\" target=\"_blank\" rel=\"noopener\" title=\"\">As sapatilhas que n\u00e3o a deixam meter as m\u00e3os pelos p\u00e9s \u2013&nbsp;Skechers<\/a>&nbsp;(Delas)<\/h2>\n\n\n\n<p>Com um mundo em constante correria, n\u00e3o perder tempo com coisas desnecess\u00e1rias \u00e9 importante. Usar as m\u00e3os para cal\u00e7ar as sapatilhas \u00e9 coisa do passado, hoje \u00e9 cal\u00e7ar e andar.<\/p>\n\n\n\n<h2 class=\"wp-block-heading\"><a href=\"https:\/\/www.jn.pt\/3655052395\/semicondutores-a-autoestrada-que-conecta-os-dados-da-ia\/\" target=\"_blank\" rel=\"noreferrer noopener\">(V\u00eddeo) Semicondutores: a autoestrada que conecta os dados da IA \u2013 Allianz<\/a>&nbsp;(JN)<\/h2>\n\n\n\n<p>Num artigo de opini\u00e3o, Johannes Jacobi, Especialista de Produto e membro da equipa do fundo Allianz Global Artificial Intelligence, pondera sobre o papel preponderante dos semicondutores na sociedade moderna e como a intelig\u00eancia artificial pode ser motor da inova\u00e7\u00e3o.<\/p>\n\n\n\n<h2 class=\"wp-block-heading\"><a href=\"https:\/\/www.jn.pt\/5140156109\/na-feira-do-fumeiro-de-montalegre-prova-se-a-tradicao-barrosa\/\" target=\"_blank\" rel=\"noreferrer noopener\">Feira do Fumeiro de Montalegre \u2013 Munic\u00edpio de Montalegre<\/a>&nbsp;(JN)<\/h2>\n\n\n\n<p>Na Feira do Fumeiro de Montalegre, prova-se a tradi\u00e7\u00e3o barros\u00e3.&nbsp;A 33.\u00aa edi\u00e7\u00e3o da \u2018rainha do fumeiro\u2019. Produtos regionais e locais estar\u00e3o novamente em destaque.<\/p>\n\n\n\n<h2 class=\"wp-block-heading\"><a href=\"https:\/\/www.tsf.pt\/383392272\/a-solucao-de-faturacao-de-que-o-seu-negocio-precisa\/\" target=\"_blank\" rel=\"noreferrer noopener\">A solu\u00e7\u00e3o de fatura\u00e7\u00e3o de que o seu neg\u00f3cio precisa \u2013 SAGE<\/a>&nbsp;(TSF)<\/h2>\n\n\n\n<p>Desde o come\u00e7o da pandemia, o dinheiro f\u00edsico tem sido preterido a favor do cart\u00e3o banc\u00e1rio e de meios modernos de pagamento. Descubra como adaptar o seu neg\u00f3cio ao futuro.<\/p>\n\n\n\n<h2 class=\"wp-block-heading\"><a href=\"https:\/\/www.ojogo.pt\/1020417040\/o-programa-que-ajuda-os-herois-de-fato-de-treino-a-chegar-ao-podio\/\" target=\"_blank\" rel=\"noreferrer noopener\">O programa que ajuda os her\u00f3is de fato de treino a chegar ao p\u00f3dio \u2013 Betano<\/a>&nbsp;(O Jogo)<\/h2>\n\n\n\n<p>N\u00e3o h\u00e1 nada que um her\u00f3i n\u00e3o consiga alcan\u00e7ar e a Betano vem mostrar isso mesmo. O programa, que desde 2021 j\u00e1 ajudou mais de uma dezena de atletas, est\u00e1 de volta e as candidaturas est\u00e3o abertas.<\/p>\n\n\n\n<h2 class=\"wp-block-heading\"><a href=\"https:\/\/www.jn.pt\/evasoes\/artigo\/10-razoes-para-se-apaixonar-por-jaen-o-paraiso-interior-da-andaluzia\/18024997\" target=\"_blank\" rel=\"noreferrer noopener\">10 raz\u00f5es para se apaixonar por Ja\u00e9n, o para\u00edso interior da Andaluzia \u2013 Turismo de Andaluzia<\/a>&nbsp;(Evas\u00f5es)<\/h2>\n\n\n\n<p>Enquanto o turismo mais massificado concentra-se nos destinos mais conhecidos da Andaluzia, existe um tesouro escondido no interior desta regi\u00e3o espanhola: Ja\u00e9n.<\/p>\n\n\n\n<h2 class=\"wp-block-heading\"><a href=\"https:\/\/www.jn.pt\/noticias-magazine\/artigo\/plantar-agua-novo-folego-para-melhorar-o-ciclo-da-agua-no-algarve\/18011367\" target=\"_blank\" rel=\"noreferrer noopener\">Plantar \u00c1gua: novo f\u00f4lego para melhorar o ciclo da \u00e1gua no Algarve \u2013 WWF<\/a>&nbsp;(NM)<\/h2>\n\n\n\n<p>H\u00e1 pratos que enchem o cora\u00e7\u00e3o de quem os come, mas deixam um rasto de sujidade na cozinha. Com uma placa que se limpa s\u00f3 com \u00e1gua, estas receitas passam a ser o melhor dos dois mundos.<\/p>\n\n\n\n<h2 class=\"wp-block-heading\"><a href=\"https:\/\/www.voltaaomundo.pt\/2023\/07\/20\/o-que-fazer-em-cada-ilha-acoriana-na-epoca-baixa\/brand-story\/879711\/\" target=\"_blank\" rel=\"noreferrer noopener\">O que fazer em cada ilha a\u00e7oriana na \u00e9poca baixa? \u2013 Turismo dos A\u00e7ores<\/a>&nbsp;(VM)<\/h2>\n\n\n\n<p>Das cascatas magn\u00edficas \u00e0s lagoas de cortar a respira\u00e7\u00e3o, as maravilhas da Natureza est\u00e3o \u00e0 sua espera nas nove ilhas do arquip\u00e9lago, mesmo nos meses em que n\u00e3o se fala tanto delas.<\/p>\n\n\n\n<p><\/p>\n","protected":false},"excerpt":{"rendered":"<p>Solu\u00e7\u00f5es Integradas de Comunica\u00e7\u00e3o 34\u00ba Grande Pr\u00e9mio de Ciclismo JN | Leilosoc De 30 de agosto a 7 de setembro 2025, junte-se \u00e0 paix\u00e3o do ciclismo e assista a mais uma emocionante corrida nas cidades da Maia, Valongo, Gondomar, Paredes, Porto, Ovar, Albergaria-a-Velha, \u00c1gueda, Barcelos, Viana do Castelo e Vila Nova de Famalic\u00e3o e viva &hellip; <\/p>\n<p class=\"link-more\"><a href=\"https:\/\/noticiasilimitadas.pt\/digital\/projetos\/\" class=\"more-link\">Read More<span class=\"screen-reader-text\"> &#8220;Brand\u00b4s Life&#8221;<\/span><\/a><\/p>\n","protected":false},"author":1,"featured_media":0,"parent":0,"menu_order":0,"comment_status":"closed","ping_status":"closed","template":"","meta":{"om_disable_all_campaigns":false,"_monsterinsights_skip_tracking":false,"_monsterinsights_sitenote_active":false,"_monsterinsights_sitenote_note":"","_monsterinsights_sitenote_category":0,"footnotes":""},"class_list":["post-169","page","type-page","status-publish","hentry"],"_links":{"self":[{"href":"https:\/\/noticiasilimitadas.pt\/digital\/wp-json\/wp\/v2\/pages\/169","targetHints":{"allow":["GET"]}}],"collection":[{"href":"https:\/\/noticiasilimitadas.pt\/digital\/wp-json\/wp\/v2\/pages"}],"about":[{"href":"https:\/\/noticiasilimitadas.pt\/digital\/wp-json\/wp\/v2\/types\/page"}],"author":[{"embeddable":true,"href":"https:\/\/noticiasilimitadas.pt\/digital\/wp-json\/wp\/v2\/users\/1"}],"replies":[{"embeddable":true,"href":"https:\/\/noticiasilimitadas.pt\/digital\/wp-json\/wp\/v2\/comments?post=169"}],"version-history":[{"count":27,"href":"https:\/\/noticiasilimitadas.pt\/digital\/wp-json\/wp\/v2\/pages\/169\/revisions"}],"predecessor-version":[{"id":1133,"href":"https:\/\/noticiasilimitadas.pt\/digital\/wp-json\/wp\/v2\/pages\/169\/revisions\/1133"}],"wp:attachment":[{"href":"https:\/\/noticiasilimitadas.pt\/digital\/wp-json\/wp\/v2\/media?parent=169"}],"curies":[{"name":"wp","href":"https:\/\/api.w.org\/{rel}","templated":true}]}}